{"id":58,"date":"2015-09-18T11:44:58","date_gmt":"2015-09-18T10:44:58","guid":{"rendered":"http:\/\/cargo.bold-themes.com\/transport-company\/?page_id=58"},"modified":"2022-10-10T22:03:40","modified_gmt":"2022-10-11T01:03:40","slug":"empresa","status":"publish","type":"page","link":"https:\/\/www.consegi.com\/home\/empresa\/","title":{"rendered":"Empresa"},"content":{"rendered":"<div class=\"bt_rc_container\"><section id=\"bt_section69dfc9c6a26ae\" data-parallax=\"0.1\" data-parallax-offset=\"0\" class=\"boldSection topExtraSpaced bottomMoreSpaced btDarkSkin gutter btMiddleVertical btParallax wBackground cover\" style=\"background-image:url('https:\/\/www.consegi.com\/home\/wp-content\/uploads\/2022\/09\/PortodeMaceio_0001.png');\"><div class=\"port\"><div class=\"boldCell\"><div class=\"boldCellInner\"><div class=\"boldRow \" ><div class=\"rowItem col-md-12 col-ms-12  btTextLeft animate animate-fadein animate-moveleft inherit\"  ><div class=\"rowItemContent\"><header class=\"header btClear extralarge btDash bottomDash  btAccentDash btRegularTitle\" style=\"max-width: 800px;\"><p class=\"btSuperTitle\">Bem Vindo a<\/p><div class=\"dash\"><h1><span class=\"headline\">Consegi Shipchandler<\/span><\/h1><\/div><\/header><div class=\"btClear btSeparator bottomSemiSpaced noBorder\" ><hr><\/div><\/div><\/div><\/div><\/div><\/div><\/div><\/section><section id=\"elements\" data-parallax=\"0\" data-parallax-offset=\"0\" class=\"boldSection topSpaced bottomSpaced btLightSkin gutter inherit btParallax\" ><div class=\"port\"><div class=\"boldCell\"><div class=\"boldCellInner\"><div class=\"boldRow \" ><div class=\"rowItem col-md-12 col-ms-12  btTextLeft animate animate-fadein inherit btDoublePadding\"  ><div class=\"rowItemContent\"><header class=\"header btClear medium  btAccentDash btRegularTitle\" ><p class=\"btSuperTitle\">Nossa<\/p><div class=\"dash\"><h3><span class=\"headline\">HIST\u00d3RIA<\/span><\/h3><\/div><\/header><div class=\"btText\"><blockquote><p>A Empresa CONSEGI SHIPCHANDLER, com sede na cidade de Macei\u00f3, Estado de Aalgoas, Regi\u00e3o Nordeste do Brasil, faz parte do grupo empresarial que teve suas atividades navais iniciadas no dia 1\u00ba de Maio de 1978, contando com a experi\u00eancia de profissionais com mais de 35 anos no ramo de servi\u00e7os mar\u00edtimos.<\/p>\n<p>Atendemos todos os tipos de embarca\u00e7\u00f5es, Conteineiros, Cruzeiros, Cargueiros, Militares, Navios de Pesca, Plataformas, Rebocadores, Offshores, Navios Tanques, Veleiros, entre outros.<\/p>\n<p>Fornecemos materiais, pe\u00e7as, prestamos servi\u00e7os especializados de reparos em navios, e fornecemos ainda provis\u00f5es secas, frescas e congeladas.<\/p>\n<p>Nossa equipe disp\u00f5e de infraestrutura completa com log\u00edstica eficiente visando o atendimento de qualidade, atuando de forma r\u00e1pida e eficaz, a qualquer hora e dia, inclusive nos finais de semana.<\/p>\n<p><strong>PORTOS DE ATENDIMENTO:<\/strong> Salvador, Aratu, Barra dos Coqueiros, Macei\u00f3 (base), Recife, Suape, Cabedelo e Natal.<\/p><\/blockquote>\n<blockquote><p>Caminh\u00f5es grandes e refrigerados -18\u00b0C: 3<br \/>\nCarros R\u00e1pidos: 2<br \/>\nC\u00e2maras Congeladas para Carne: 2<br \/>\nC\u00e2mara Refrigerada para disposi\u00e7\u00f5es: 1<br \/>\nTamanho do Escrit\u00f3rio: 600m\u00b2<br \/>\nPessoal Experiente: 25<br \/>\nEmbarca\u00e7\u00f5es M\u00e9dia Atendida por m\u00eas: 20-30<\/p>\n<p>Agradecimento e Sauda\u00e7\u00f5es,<br \/>\nConsegi Servi\u00e7os<br \/>\nLuiz Augusto<\/p>\n<p>Whatsapp: <a href=\"https:\/\/wa.me\/+5582996906863\">+55 82 99690-6863<\/a><br \/>\nCelular 24\/7: <a href=\"tel:+55829996906863\">+55 82 999690-6863<\/a><br \/>\nEndere\u00e7o: Av. Professor Santos Ferraz, 499A, Ponta da Terra, Macei\u00f3, Alagoas, Brasil<br \/>\nshipchandler@consegi.com | luiz@consegi.com | consegiservicos@gmail.com<br \/>\nTelefone: <a href=\"tel+558234358262\">+55 82 34358262<\/a><\/p><\/blockquote>\n<\/div><\/div><\/div><\/div><\/div><\/div><\/div><\/section><section id=\"bt_section69dfc9c6a360f\" data-parallax=\"0\" data-parallax-offset=\"0\" class=\"boldSection topSpaced bottomSpaced btDarkSkin gutter inherit btParallax wBackground cover\" style=\"background-image:url('');\"><div class=\"port\"><div class=\"boldCell\"><div class=\"boldCellInner\"><div class=\"boldRow \" ><div class=\"rowItem col-sm-4 col-ms-12 btTextRight animate animate-fadein animate-moveright inherit btDoublePadding\"  ><div class=\"rowItemContent\"><div class=\"btClear btSeparator topSemiSpaced noBorder\" ><hr><\/div><header class=\"header btClear medium  btAccentDash btRegularTitle\" ><p class=\"btSuperTitle\">NOS CONHE\u00c7A<\/p><div class=\"dash\"><h3><span class=\"headline\">O QUE OFERECEMOS?<\/span><\/h3><\/div><\/header><\/div><\/div><div class=\"rowItem col-sm-4 col-ms-12 btTextLeft animate animate-fadein btHighlight inherit btDoublePadding\"  ><div class=\"rowItemContent\"><div class=\"btClear btSeparator topSemiSpaced noBorder\" ><hr><\/div><div class=\"servicesItem  largeIcon borderlessIconType \"><div class=\"sIcon\"><div class=\"btIco large borderless\"><a href=\"https:\/\/consegi.com\/home\/servicos\"  data-ico-fa=\"&#xf13d;\" class=\"btIcoHolder\"><\/a><\/div><\/div><div class=\"sTxt\"><header class=\"header btClear extrasmall\" ><div class=\"dash\"><h4><span class=\"headline\">SERVI\u00c7OS<\/span><\/h4><\/div><\/header><p>Atendemos todos os tipos de embarca\u00e7\u00f5es, Conteineiros, Cruzeiros, Cargueiros, Militares, Navios de Pesca, Plataformas, Rebocadores Offshores, Navios Tanques, Veleiros entre outros.<br><\/p><\/div><\/div><div class=\"btClear btSeparator topSemiSpaced noBorder\" ><hr><\/div><\/div><\/div><div class=\"rowItem col-sm-4 col-ms-12 btTextLeft animate animate-fadein btHighlight inherit btDoublePadding\"  ><div class=\"rowItemContent\"><div class=\"btClear btSeparator topSemiSpaced noBorder\" ><hr><\/div><div class=\"servicesItem  largeIcon borderlessIconType \"><div class=\"sIcon\"><div class=\"btIco large borderless\"><a href=\"https:\/\/consegi.com\/home\/produtos\"  data-ico-cs=\"&#xe64b;\" class=\"btIcoHolder\"><\/a><\/div><\/div><div class=\"sTxt\"><header class=\"header btClear extrasmall\" ><div class=\"dash\"><h4><span class=\"headline\">PRODUTOS<\/span><\/h4><\/div><\/header><p>Al\u00e9m do fornecimento materiais, pe\u00e7as e da presta\u00e7\u00e3o de servi\u00e7os especializados, tamb\u00e9m realizamos reparos em navios e fornecemos provis\u00f5es secas, frescas e congeladas.<br><\/p><\/div><\/div><div class=\"btClear btSeparator topSemiSpaced noBorder\" ><hr><\/div><\/div><\/div><\/div><\/div><\/div><\/div><\/section><section id=\"bt_section69dfc9c6a43f5\" data-parallax=\"0.1\" data-parallax-offset=\"0\" class=\"boldSection topSpaced bottomSpaced btDarkSkin gutter inherit btParallax wBackground cover\" style=\"background-image:url('');\"><div class=\"port\"><div class=\"boldCell\"><div class=\"boldCellInner\"><div class=\"boldRow \" ><div class=\"rowItem col-sm-4 col-ms-12 btTextRight animate animate-fadein animate-moveright btTopVertical btDoublePadding\"  ><div class=\"rowItemContent\"><header class=\"header btClear medium  btAccentDash btRegularTitle\" ><p class=\"btSuperTitle\">N\u00daMEROS E DATAS<\/p><div class=\"dash\"><h3><span class=\"headline\">CONSEGI<\/span><\/h3><\/div><\/header><\/div><\/div><div class=\"rowItem col-sm-4 col-ms-12 btTextCenter animate animate-fadein inherit\"  ><div class=\"rowItemContent\"><div class=\"btCounterHolder\"><span class=\"btCounter animate\" data-digit-length=\"4\"><span class=\"onedigit p4 d1\" data-digit=\"1\"><span class=\"n0\">0<\/span><span class=\"n1\">1<\/span><\/span><span class=\"onedigit p3 d9\" data-digit=\"9\"><span class=\"n0\">0<\/span><span class=\"n1\">1<\/span><span class=\"n2\">2<\/span><span class=\"n3\">3<\/span><span class=\"n4\">4<\/span><span class=\"n5\">5<\/span><span class=\"n6\">6<\/span><span class=\"n7\">7<\/span><span class=\"n8\">8<\/span><span class=\"n9\">9<\/span><\/span><span class=\"onedigit p2 d7\" data-digit=\"7\"><span class=\"n0\">0<\/span><span class=\"n1\">1<\/span><span class=\"n2\">2<\/span><span class=\"n3\">3<\/span><span class=\"n4\">4<\/span><span class=\"n5\">5<\/span><span class=\"n6\">6<\/span><span class=\"n7\">7<\/span><\/span><span class=\"onedigit p1 d8\" data-digit=\"8\"><span class=\"n0\">0<\/span><span class=\"n1\">1<\/span><span class=\"n2\">2<\/span><span class=\"n3\">3<\/span><span class=\"n4\">4<\/span><span class=\"n5\">5<\/span><span class=\"n6\">6<\/span><span class=\"n7\">7<\/span><span class=\"n8\">8<\/span><\/span><\/span><\/div><div class=\"btClear btSeparator bottomExtraSmallSpaced noBorder\" ><hr><\/div><header class=\"header btClear small  btAccentDash btRegularTitle\" ><p class=\"btSuperTitle\">ABERTURA<\/p><p class=\"btSubTitle\">Empresa Iniciou suas Atividades<\/p><\/header><\/div><\/div><div class=\"rowItem col-sm-4 col-ms-12 btTextCenter animate animate-fadein inherit btDoublePadding\"  ><div class=\"rowItemContent\"><div class=\"btCounterHolder\"><span class=\"btCounter animate\" data-digit-length=\"6\"><span class=\"onedigit p6 d5\" data-digit=\"5\"><span class=\"n0\">0<\/span><span class=\"n1\">1<\/span><span class=\"n2\">2<\/span><span class=\"n3\">3<\/span><span class=\"n4\">4<\/span><span class=\"n5\">5<\/span><\/span><span class=\"onedigit p5 d.\" data-digit=\".\"><span>.<\/span><\/span><span class=\"onedigit p4 d0\" data-digit=\"0\"><span class=\"n0\">0<\/span><span class=\"n1\">1<\/span><span class=\"n2\">2<\/span><span class=\"n3\">3<\/span><span class=\"n4\">4<\/span><span class=\"n5\">5<\/span><span class=\"n6\">6<\/span><span class=\"n7\">7<\/span><span class=\"n8\">8<\/span><span class=\"n9\">9<\/span><span class=\"n0\">0<\/span><\/span><span class=\"onedigit p3 d0\" data-digit=\"0\"><span class=\"n0\">0<\/span><span class=\"n1\">1<\/span><span class=\"n2\">2<\/span><span class=\"n3\">3<\/span><span class=\"n4\">4<\/span><span class=\"n5\">5<\/span><span class=\"n6\">6<\/span><span class=\"n7\">7<\/span><span class=\"n8\">8<\/span><span class=\"n9\">9<\/span><span class=\"n0\">0<\/span><\/span><span class=\"onedigit p2 d0\" data-digit=\"0\"><span class=\"n0\">0<\/span><span class=\"n1\">1<\/span><span class=\"n2\">2<\/span><span class=\"n3\">3<\/span><span class=\"n4\">4<\/span><span class=\"n5\">5<\/span><span class=\"n6\">6<\/span><span class=\"n7\">7<\/span><span class=\"n8\">8<\/span><span class=\"n9\">9<\/span><span class=\"n0\">0<\/span><\/span><span class=\"onedigit p1 d+\" data-digit=\"+\"><span>+<\/span><\/span><\/span><\/div><div class=\"btClear btSeparator bottomExtraSmallSpaced noBorder\" ><hr><\/div><header class=\"header btClear small  btAccentDash btRegularTitle\" ><p class=\"btSuperTitle\">NAVIOS ATENDIDOS<\/p><p class=\"btSubTitle\">Mais de 5.000 navios atendidos desde nossa abertura<\/p><\/header><\/div><\/div><\/div><div class=\"boldRow \" ><div class=\"rowItem col-md-12 col-ms-12  btTextRight animate animate-fadein animate-moveright inherit\"  ><div class=\"rowItemContent\"><div class=\"btClear btSeparator topSemiSpaced noBorder\" ><hr><\/div><\/div><\/div><\/div><div class=\"boldRow \" ><div class=\"rowItem col-md-12 col-ms-12  btTextCenter animate animate-fadein inherit\"  ><div class=\"rowItemContent\"><div class=\"btCounterHolder\"><span class=\"btCounter animate\" data-digit-length=\"3\"><span class=\"onedigit p3 d1\" data-digit=\"1\"><span class=\"n0\">0<\/span><span class=\"n1\">1<\/span><\/span><span class=\"onedigit p2 d0\" data-digit=\"0\"><span class=\"n0\">0<\/span><span class=\"n1\">1<\/span><span class=\"n2\">2<\/span><span class=\"n3\">3<\/span><span class=\"n4\">4<\/span><span class=\"n5\">5<\/span><span class=\"n6\">6<\/span><span class=\"n7\">7<\/span><span class=\"n8\">8<\/span><span class=\"n9\">9<\/span><span class=\"n0\">0<\/span><\/span><span class=\"onedigit p1 d+\" data-digit=\"+\"><span>+<\/span><\/span><\/span><\/div><div class=\"btClear btSeparator bottomExtraSmallSpaced noBorder\" ><hr><\/div><header class=\"header btClear small  btAccentDash btRegularTitle\" ><p class=\"btSuperTitle\">PORTOS ATENDIDOS<\/p><p class=\"btSubTitle\">Mais de 10 portos atendidos no Brasil<\/p><\/header><\/div><\/div><\/div><\/div><\/div><\/div><\/section><section id=\"bt_section69dfc9c6a5603\"  class=\"boldSection topSpaced bottomSpaced gutter inherit\" ><div class=\"port\"><div class=\"boldCell\"><div class=\"boldCellInner\"><div class=\"boldRow \" ><div class=\"rowItem col-sm-4 col-ms-12 btTextRight animate animate-fadein inherit btDoublePadding\"  ><div class=\"rowItemContent\"><header class=\"header btClear medium  btAccentDash btRegularTitle\" ><p class=\"btSuperTitle\">POR QUE NOS ESCOLHER?<\/p><div class=\"dash\"><h3><span class=\"headline\">NOSSA HIST\u00d3RIA E SERVI\u00c7OS<\/span><\/h3><\/div><\/header><\/div><\/div><div class=\"rowItem col-sm-4 col-ms-12 btTextLeft animate animate-fadein btTextIndent inherit btDoublePadding\"  ><div class=\"rowItemContent\"><header class=\"header btClear medium  btAccentDash btRegularTitle\" style=\"margin-bottom: 5px;\"><p class=\"btSuperTitle\">MOTIVOS PARA NOS ESCOLHER<\/p><\/header><div class=\"btText\"><ul>\n<li>Conhecimento extensivo de pe\u00e7as sobressalentes t\u00e9cnicas;<\/li>\n<li>Ingl\u00eas fluente;<\/li>\n<li>Trabalhamos 24 horas por dia, 7 dias por semana;<\/li>\n<\/ul>\n<\/div><div class=\"btClear btSeparator bottomExtraSmallSpaced noBorder\" ><hr><\/div><\/div><\/div><div class=\"rowItem col-sm-4 col-ms-12 btTextCenter animate animate-fadein inherit\"  ><div class=\"rowItemContent\"><div class=\"bpgPhoto btTextCenter\" ><div class=\"btImage\"><img decoding=\"async\" src=\"\" alt=\"\"><\/div><\/div><div class=\"btClear btSeparator topSmallSpaced noBorder\" ><hr><\/div><\/div><\/div><\/div><div class=\"boldRow \" ><div class=\"rowItem col-md-12 col-ms-12  btTextRight animate animate-fadein animate-moveright inherit\"  ><div class=\"rowItemContent\"><div class=\"btClear btSeparator topSmallSpaced noBorder\" ><hr><\/div><\/div><\/div><\/div><div class=\"boldRow \" ><div class=\"rowItem col-sm-6 col-ms-12 btTextLeft animate animate-fadein inherit btDoublePadding\"  ><div class=\"rowItemContent\"><\/div><\/div><div class=\"rowItem col-sm-6 col-ms-12 btTextLeft animate animate-fadein inherit btDoublePadding\"  ><div class=\"rowItemContent\"><header class=\"header btClear medium  btAccentDash btRegularTitle\" style=\"margin-bottom: 5px;\"><p class=\"btSuperTitle\">DIGA AO MUNDO<\/p><\/header><div class=\"btText\"><ul>\n<li>Atendimento com qualidade<\/li>\n<li>Provis\u00f5es secas, frescas e congeladas<\/li>\n<li>Reparos em navios<\/li>\n<\/ul>\n<\/div><div class=\"btClear btSeparator bottomExtraSmallSpaced noBorder\" ><hr><\/div><\/div><\/div><\/div><\/div><\/div><\/div><\/section><section id=\"bt_section69dfc9c6a89ab\"  class=\"boldSection btDivider topSpaced bottomSpaced gutter inherit wBackground cover\" style=\"background-color:#ededed;background-image:url('');\"><div class=\"port\"><div class=\"boldCell\"><div class=\"boldCellInner\"><div class=\"boldRow \" ><div class=\"rowItem col-sm-4 col-ms-12 btTextRight animate animate-fadein btTextIndent inherit btDoublePadding\" style=\"transition-delay: 600ms;\" ><div class=\"rowItemContent\"><\/div><\/div><div class=\"rowItem col-sm-4 col-ms-12 btTextRight animate animate-fadein btHighlight inherit btDoublePadding\" style=\"transition-delay: 300ms;\" ><div class=\"rowItemContent\"><\/div><\/div><div class=\"rowItem col-sm-4 col-ms-12 btTextRight animate animate-fadein btHighlight inherit btDoublePadding\" style=\"transition-delay: 0;\" ><div class=\"rowItemContent\"><div class=\"btClear btSeparator topSmallSpaced noBorder\" ><hr><\/div><header class=\"header btClear small  btAccentDash btRegularTitle\" ><p class=\"btSuperTitle\">SIGA-NOS NAS REDES SOCIAIS<\/p><\/header><div class=\"btIconImageRow\" ><div class=\"btIco default extrasmall\"><a href=\"#\"  target=\"no_target\"  data-ico-fa=\"&#xf09a;\" class=\"btIcoHolder\"><\/a><\/div><div class=\"btIco default extrasmall\"><a href=\"#\"  target=\"no_target\"  data-ico-fa=\"&#xf16d;\" class=\"btIcoHolder\"><\/a><\/div><div class=\"btIco default extrasmall\"><a href=\"#\"  target=\"no_target\"  data-ico-fa=\"&#xf0e1;\" class=\"btIcoHolder\"><\/a><\/div><div class=\"btIco default extrasmall\"><a href=\"#\"  target=\"no_target\"  data-ico-fa=\"&#xf167;\" class=\"btIcoHolder\"><\/a><\/div><\/div><div class=\"btClear btSeparator topSmallSpaced noBorder\" ><hr><\/div><\/div><\/div><\/div><div class=\"boldRow \" ><div class=\"rowItem col-md-12 col-ms-12  btTextCenter inherit\"  ><div class=\"rowItemContent\"><div class=\"btClear btSeparator topSemiSpaced noBorder\" ><hr><\/div><\/div><\/div><\/div><div class=\"boldRow \" ><div class=\"rowItem col-sm-4 col-ms-12 btTextLeft animate animate-fadein btTextIndent btHighlight inherit\" style=\"transition-delay: 0;\" ><div class=\"rowItemContent\"><div class=\"bpgPhoto btTextCenter\" ><div class=\"btImage\"><img decoding=\"async\" src=\"https:\/\/www.consegi.com\/home\/wp-content\/uploads\/2022\/10\/LUIZ.jpg\" alt=\"\"><\/div><\/div><div class=\"btClear btSeparator topSmallSpaced noBorder\" ><hr><\/div><header class=\"header btClear small btDash bottomDash  btAccentDash btRegularTitle\" ><div class=\"dash\"><h4><span class=\"headline\">Luiz<\/span><\/h4><\/div><p class=\"btSubTitle\">CEO<\/p><\/header><div class=\"btText\"><p>Morbi consequat, felis vitae dictum varius, purus mi porta urna, sed dictum dolor arcu id massa. Phasellus eu tortor quis massa tincidunt pharetra.<\/p>\n<\/div><div class=\"btClear btSeparator topSmallSpaced noBorder\" ><hr><\/div><div class=\"btIconImageRow\" ><div class=\"btIco default extrasmall\"><a href=\"#\"  target=\"no_target\"  data-ico-fa=\"&#xf232;\" class=\"btIcoHolder\"><\/a><\/div><div class=\"btIco default extrasmall\"><a href=\"#\"  target=\"no_target\"  data-ico-fa=\"&#xf0e0;\" class=\"btIcoHolder\"><\/a><\/div><div class=\"btIco default extrasmall\"><a href=\"#\"  target=\"no_target\"  data-ico-fa=\"&#xf16d;\" class=\"btIcoHolder\"><\/a><\/div><\/div><div class=\"btClear btSeparator topSmallSpaced noBorder\" ><hr><\/div><\/div><\/div><div class=\"rowItem col-sm-4 col-ms-12 btTextLeft animate animate-fadein btTextIndent btHighlight inherit\" style=\"transition-delay: 300ms;\" ><div class=\"rowItemContent\"><div class=\"bpgPhoto btTextCenter\" ><div class=\"btImage\"><img decoding=\"async\" src=\"https:\/\/www.consegi.com\/home\/wp-content\/uploads\/2022\/10\/GUSTAVO.jpg\" alt=\"\"><\/div><\/div><div class=\"btClear btSeparator topSmallSpaced noBorder\" ><hr><\/div><header class=\"header btClear small btDash bottomDash  btAccentDash btRegularTitle\" ><div class=\"dash\"><h4><span class=\"headline\">Gustavo<\/span><\/h4><\/div><p class=\"btSubTitle\">CEO<\/p><\/header><div class=\"btText\"><p>Mauris bibendum consectetur dui, id tristique leo. Purus mi porta urna, sed dictum dolor arcu id massa. Phasellus eu tortor quis.<\/p>\n<\/div><div class=\"btClear btSeparator topSmallSpaced noBorder\" ><hr><\/div><div class=\"btIconImageRow\" ><div class=\"btIco default extrasmall\"><a href=\"#\"  target=\"no_target\"  data-ico-fa=\"&#xf232;\" class=\"btIcoHolder\"><\/a><\/div><div class=\"btIco default extrasmall\"><a href=\"#\"  target=\"no_target\"  data-ico-fa=\"&#xf0e0;\" class=\"btIcoHolder\"><\/a><\/div><div class=\"btIco default extrasmall\"><a href=\"#\"  target=\"no_target\"  data-ico-fa=\"&#xf16d;\" class=\"btIcoHolder\"><\/a><\/div><\/div><div class=\"btClear btSeparator topSmallSpaced noBorder\" ><hr><\/div><\/div><\/div><div class=\"rowItem col-sm-4 col-ms-12 btTextLeft animate animate-fadein btTextIndent btHighlight inherit\" style=\"transition-delay: 900ms;\" ><div class=\"rowItemContent\"><div class=\"bpgPhoto btTextCenter\" ><div class=\"btImage\"><img decoding=\"async\" src=\"https:\/\/www.consegi.com\/home\/wp-content\/uploads\/2022\/10\/RENATO.jpg\" alt=\"\"><\/div><\/div><div class=\"btClear btSeparator topSmallSpaced noBorder\" ><hr><\/div><header class=\"header btClear small btDash bottomDash  btDarkAccentDash btRegularTitle\" ><div class=\"dash\"><h4><span class=\"headline\">Renato<\/span><\/h4><\/div><p class=\"btSubTitle\">CEO<\/p><\/header><div class=\"btText\"><p>Phasellus eu tortor quis massa tincidunt pharetra. Mauris bibendum consectetur dui, id tristique leo. Morbi consequat, felis vitae dictum varius.<\/p>\n<\/div><div class=\"btClear btSeparator topSmallSpaced noBorder\" ><hr><\/div><div class=\"btIconImageRow\" ><div class=\"btIco default extrasmall\"><a href=\"#\"  target=\"no_target\"  data-ico-fa=\"&#xf232;\" class=\"btIcoHolder\"><\/a><\/div><div class=\"btIco default extrasmall\"><a href=\"#\"  target=\"no_target\"  data-ico-fa=\"&#xf0e0;\" class=\"btIcoHolder\"><\/a><\/div><div class=\"btIco default extrasmall\"><a href=\"#\"  target=\"no_target\"  data-ico-fa=\"&#xf16d;\" class=\"btIcoHolder\"><\/a><\/div><\/div><div class=\"btClear btSeparator topSmallSpaced noBorder\" ><hr><\/div><\/div><\/div><\/div><\/div><\/div><\/div><\/section><\/div>","protected":false},"excerpt":{"rendered":"","protected":false},"author":1,"featured_media":0,"parent":0,"menu_order":0,"comment_status":"closed","ping_status":"closed","template":"","meta":{"footnotes":""},"class_list":["post-58","page","type-page","status-publish","hentry"],"_links":{"self":[{"href":"https:\/\/www.consegi.com\/home\/wp-json\/wp\/v2\/pages\/58","targetHints":{"allow":["GET"]}}],"collection":[{"href":"https:\/\/www.consegi.com\/home\/wp-json\/wp\/v2\/pages"}],"about":[{"href":"https:\/\/www.consegi.com\/home\/wp-json\/wp\/v2\/types\/page"}],"author":[{"embeddable":true,"href":"https:\/\/www.consegi.com\/home\/wp-json\/wp\/v2\/users\/1"}],"replies":[{"embeddable":true,"href":"https:\/\/www.consegi.com\/home\/wp-json\/wp\/v2\/comments?post=58"}],"version-history":[{"count":41,"href":"https:\/\/www.consegi.com\/home\/wp-json\/wp\/v2\/pages\/58\/revisions"}],"predecessor-version":[{"id":2441,"href":"https:\/\/www.consegi.com\/home\/wp-json\/wp\/v2\/pages\/58\/revisions\/2441"}],"wp:attachment":[{"href":"https:\/\/www.consegi.com\/home\/wp-json\/wp\/v2\/media?parent=58"}],"curies":[{"name":"wp","href":"https:\/\/api.w.org\/{rel}","templated":true}]}}