{"id":56,"date":"2015-09-18T11:44:43","date_gmt":"2015-09-18T10:44:43","guid":{"rendered":"http:\/\/cargo.bold-themes.com\/transport-company\/?page_id=56"},"modified":"2022-09-07T20:11:57","modified_gmt":"2022-09-07T23:11:57","slug":"servicos","status":"publish","type":"page","link":"https:\/\/www.consegi.com\/home\/servicos\/","title":{"rendered":"Servi\u00e7os"},"content":{"rendered":"<div class=\"bt_rc_container\"><section id=\"bt_section69dfc9d13c1a8\" data-parallax=\"0.1\" data-parallax-offset=\"-50\" class=\"boldSection topExtraSpaced bottomMoreSpaced btDarkSkin gutter inherit btParallax wBackground cover\" style=\"background-image:url('https:\/\/www.consegi.com\/home\/wp-content\/uploads\/2022\/09\/banner_slider_3.jpg');\"><div class=\"port\"><div class=\"boldCell\"><div class=\"boldCellInner\"><div class=\"boldRow \" ><div class=\"rowItem col-md-12 col-ms-12  btTextLeft animate animate-fadein animate-moveleft inherit\"  ><div class=\"rowItemContent\"><header class=\"header btClear extralarge btDash bottomDash  btAccentDash btRegularTitle\" style=\"max-width: 800px;\"><p class=\"btSuperTitle\">AQUI \u00c9 O LUGAR CERTO<\/p><div class=\"dash\"><h1><span class=\"headline\">NOSSOS SERVI\u00c7OS<\/span><\/h1><\/div><p class=\"btSubTitle\">Conhe\u00e7a nossos principais servi\u00e7os<\/p><\/header><div class=\"btClear btSeparator bottomSemiSpaced noBorder\" ><hr><\/div><\/div><\/div><\/div><\/div><\/div><\/div><\/section><section id=\"bt_section69dfc9d13c459\"  class=\"boldSection btDivider topSpaced bottomSpaced gutter inherit\" ><div class=\"port\"><div class=\"boldCell\"><div class=\"boldCellInner\"><div class=\"boldRow \" ><div class=\"rowItem col-sm-4 col-ms-12 btTextRight animate animate-fadein animate-moveright inherit btDoublePadding\"  ><div class=\"rowItemContent\"><header class=\"header btClear medium  btAccentDash btRegularTitle\" ><p class=\"btSuperTitle\">NOSSOS SERVI\u00c7OS<\/p><div class=\"dash\"><h3><span class=\"headline\">O QUE OFERECEMOS<\/span><\/h3><\/div><\/header><div class=\"btClear btSeparator topSemiSpaced noBorder\" ><hr><\/div><div class=\"btText\"><blockquote><p>Nossos principais servi\u00e7os est\u00e3o listados aqui, oferecemos muito mais.<\/p><\/blockquote>\n<\/div><\/div><\/div><div class=\"rowItem col-md-8 col-ms-12  btTextLeft\"  ><div class=\"rowItemContent\"><div class=\"btText\"><ol>\n<li>Oficina, soda, caldeiraria e pintura, el\u00e9tricos, eletr\u00f4nicos e Marcenaria;<\/li>\n<li>Remo\u00e7\u00e3o de res\u00edduos s\u00f3lidos e oleosos com certificado de destina\u00e7\u00e3o final;<\/li>\n<li>Troca de turma e transporte de tripulantes Aeroporto\/Hotel\/Porto\/M\u00e9dico\/Dentista\/Outros;<\/li>\n<li>Mergulho, Filmagens subaqu\u00e1ticas e inspe\u00e7\u00e3o no casco, h\u00e9lice, caixa mar e leme.<\/li>\n<li>Rebobinamento de motores el\u00e9tricos;<\/li>\n<li>Fotografia profissional;<\/li>\n<li>Renova\u00e7\u00e3o anual em botes salva vidas;<\/li>\n<li>Renova\u00e7\u00e3o de certificados e inspe\u00e7\u00f5es de equipamentos de inc\u00eandio;<\/li>\n<\/ol>\n<p>Trabalhamos com equipamentos de combate a inc\u00eandio para embarca\u00e7\u00f5es nacionais e estrangeiras.<\/p>\n<ul>\n<li style=\"list-style-type: none;\">\n<ul>\n<li>Mangueira de Inc\u00eandio SOLAS: Di\u00e2metros 1.1\/2\u2033, 2\u2033 e 2;1\/2\u2033.<\/li>\n<li>Extintores \u2013 Port\u00e1teis e Carretas, P\u00f3 ABC, Espuma, \u00c1gua e CO2.<\/li>\n<li>Engates: STORZ, NAKAJIMA, MACHINO e AMERICANO com Rosca NST.<\/li>\n<li>Esguicho: Jato Solido e Regul\u00e1vel.<\/li>\n<li>Caixas para Mangueira de Inc\u00eandio.<\/li>\n<li>LGE Liquido Gerador de Espuma: 3% e 6%. 6- Roupas de prote\u00e7\u00e3o.<\/li>\n<li>Pirot\u00e9cnicos<\/li>\n<li>Man-overboard (MOB) Luz &amp; Fuma\u00e7a<\/li>\n<li>Lan\u00e7a Retinida<\/li>\n<li>Colete Salva-vidas<\/li>\n<li>Dispositivo Luminoso para colete Salva-vidas<\/li>\n<li>Boia Circular<\/li>\n<li>Roupa de Imerssao<\/li>\n<li>TPA \u2013 Thermal Protective Aids<\/li>\n<li>Fita refletivas<\/li>\n<li>Bussulas<\/li>\n<li>Ra\u00e7\u00f5es de sobreviv\u00eancia<\/li>\n<li>Kit Primeiro socorros<\/li>\n<li>S\u00edmbolos IMO e outros adesivos<\/li>\n<li>Mascaras de Fuga<\/li>\n<li>Equipamentos de Respira\u00e7\u00e3o<\/li>\n<li>Compressores de ar<\/li>\n<li>Detector de g\u00e1s<\/li>\n<li>Lanternas<\/li>\n<\/ul>\n<\/li>\n<\/ul>\n<p>Fabrica\u00e7\u00e3o e manuten\u00e7\u00e3o de defensas;<br \/>\nAluguel de guindastes, caminh\u00e3o munk, caminh\u00e3o ba\u00fa e de helic\u00f3ptero;<br \/>\nEntrega de materiais e equipamentos em portos vizinhos por caminh\u00e3o ou carro pequeno.<br \/>\nEntre outros.<\/p>\n<\/div><\/div><\/div><\/div><\/div><\/div><\/div><\/section><section id=\"elements\" data-parallax=\"0\" data-parallax-offset=\"0\" class=\"boldSection topSpaced bottomSpaced btDarkSkin gutter inherit btParallax wBackground cover\" style=\"background-image:url('');\"><div class=\"port\"><div class=\"boldCell\"><div class=\"boldCellInner\"><div class=\"boldRow \" ><div class=\"rowItem col-sm-4 col-ms-12 btTextRight animate animate-fadein inherit btDoublePadding\"  ><div class=\"rowItemContent\"><header class=\"header btClear medium  btAccentDash btRegularTitle\" ><p class=\"btSuperTitle\">Somos os melhores<\/p><div class=\"dash\"><h3><span class=\"headline\">NOSSA EXPERI\u00caNCIA<\/span><\/h3><\/div><\/header><div class=\"btText\"><blockquote><p>Temos uma equipe totalmente capacitada e experiente para atender nossos clientes das melhores poss\u00edveis.<\/p><\/blockquote>\n<\/div><\/div><\/div><div class=\"rowItem col-md-8 col-ms-12  btTextLeft inherit\"  ><div class=\"rowItemContent\"><div class=\"slided autoSliderHeight btSliderHideArrows\"  data-slick='{\"autoplay\":true,\"autoplaySpeed\":2000,\"pauseOnHover\":false,\"pauseOnDotsHover\":true}'><div class=\"slidedItem firstItem\"  data-thumb=\"https:\/\/www.consegi.com\/home\/wp-content\/uploads\/2022\/09\/89806228_212212423469861_6052918623050257140_n-320x320.jpg\"><div class=\"btSliderPort wBackground cover\" style=\"background-image: url('https:\/\/www.consegi.com\/home\/wp-content\/uploads\/2022\/09\/89806228_212212423469861_6052918623050257140_n.jpg')\"><div class=\"btSliderCell\" data-slick=\"yes\"><div class=\"btSlideGutter\"><div class=\"btSlidePane\"><div class=\"btClear btSeparator topExtraSpaced noBorder\" ><hr><\/div><\/div><\/div><\/div><\/div><\/div><div class=\"slidedItem firstItem\"  data-thumb=\"https:\/\/www.consegi.com\/home\/wp-content\/uploads\/2022\/09\/197471021_390743102248633_2164880702117306890_n-320x320.jpg\"><div class=\"btSliderPort wBackground cover\" style=\"background-image: url('https:\/\/www.consegi.com\/home\/wp-content\/uploads\/2022\/09\/197471021_390743102248633_2164880702117306890_n.jpg')\"><div class=\"btSliderCell\" data-slick=\"yes\"><div class=\"btSlideGutter\"><div class=\"btSlidePane\"><div class=\"btClear btSeparator topExtraSpaced noBorder\" ><hr><\/div><\/div><\/div><\/div><\/div><\/div><div class=\"slidedItem firstItem\"  data-thumb=\"https:\/\/www.consegi.com\/home\/wp-content\/uploads\/2022\/09\/302713036_577427034126997_6829584090042765640_n-320x320.jpg\"><div class=\"btSliderPort wBackground cover\" style=\"background-image: url('https:\/\/www.consegi.com\/home\/wp-content\/uploads\/2022\/09\/302713036_577427034126997_6829584090042765640_n.jpg')\"><div class=\"btSliderCell\" data-slick=\"yes\"><div class=\"btSlideGutter\"><div class=\"btSlidePane\"><div class=\"btClear btSeparator topExtraSpaced noBorder\" ><hr><\/div><\/div><\/div><\/div><\/div><\/div><\/div><\/div><\/div><\/div><\/div><\/div><\/div><\/section><section id=\"bt_section69dfc9d13de69\"  class=\"boldSection btDivider topSpaced bottomSpaced gutter inherit wBackground cover\" style=\"background-image:url('');\"><div class=\"port\"><div class=\"boldCell\"><div class=\"boldCellInner\"><div class=\"boldRow \" ><div class=\"rowItem col-md-3 col-sm-6 col-ms-12 btTextRight animate animate-fadein animate-moveright inherit btDoublePadding\"  ><div class=\"rowItemContent\"><header class=\"header btClear medium  btAccentDash btRegularTitle\" ><div class=\"dash\"><h3><span class=\"headline\">NOSSOS SERVI\u00c7OS<\/span><\/h3><\/div><\/header><div class=\"btClear btSeparator topSemiSpaced noBorder\" ><hr><\/div><\/div><\/div><div class=\"rowItem col-md-3 col-sm-6 col-ms-12 btTextLeft animate animate-fadein btHighlight inherit\"  ><div class=\"rowItemContent\"><div class=\"btClear btSeparator topSmallSpaced noBorder\" ><hr><\/div><div class=\"servicesItem  mediumIcon borderlessIconType \"><div class=\"sIcon\"><div class=\"btIco medium borderless\"><span  data-ico-fa=\"&#xf0e4;\" class=\"btIcoHolder\"><\/span><\/div><\/div><div class=\"sTxt\"><header class=\"header btClear extrasmall\" ><div class=\"dash\"><h4><span class=\"headline\">EXPERI\u00caNCIA<\/span><\/h4><\/div><\/header><p>Nossa empresa tem mais de 40 anos de experi\u00eancia trazendo sempre o melhor.<br><\/p><\/div><\/div><div class=\"btClear btSeparator topSmallSpaced noBorder\" ><hr><\/div><\/div><\/div><div class=\"rowItem col-md-3 col-sm-6 col-ms-12 btTextLeft animate animate-fadein btHighlight inherit\"  ><div class=\"rowItemContent\"><div class=\"btClear btSeparator topSmallSpaced noBorder\" ><hr><\/div><div class=\"servicesItem  mediumIcon borderlessIconType \"><div class=\"sIcon\"><div class=\"btIco medium borderless\"><span  data-ico-fa=\"&#xf21a;\" class=\"btIcoHolder\"><\/span><\/div><\/div><div class=\"sTxt\"><header class=\"header btClear extrasmall\" ><div class=\"dash\"><h4><span class=\"headline\">PORTOS<\/span><\/h4><\/div><\/header><p>Atendemos mais de 10 portos no Brasil<br><\/p><\/div><\/div><div class=\"btClear btSeparator topSmallSpaced noBorder\" ><hr><\/div><\/div><\/div><div class=\"rowItem col-md-3 col-sm-6 col-ms-12 btTextLeft animate animate-fadein btHighlight inherit\"  ><div class=\"rowItemContent\"><div class=\"btClear btSeparator topSmallSpaced noBorder\" ><hr><\/div><div class=\"servicesItem  mediumIcon borderlessIconType \"><div class=\"sIcon\"><div class=\"btIco medium borderless\"><span  data-ico-fa=\"&#xf017;\" class=\"btIcoHolder\"><\/span><\/div><\/div><div class=\"sTxt\"><header class=\"header btClear extrasmall\" ><div class=\"dash\"><h4><span class=\"headline\">24\/7<\/span><\/h4><\/div><\/header><p>Atendemos 24 horas 7 dias da semana<br><\/p><\/div><\/div><div class=\"btClear btSeparator topSmallSpaced noBorder\" ><hr><\/div><\/div><\/div><\/div><\/div><\/div><\/div><\/section><\/div>","protected":false},"excerpt":{"rendered":"","protected":false},"author":1,"featured_media":0,"parent":0,"menu_order":0,"comment_status":"closed","ping_status":"closed","template":"","meta":{"footnotes":""},"class_list":["post-56","page","type-page","status-publish","hentry"],"_links":{"self":[{"href":"https:\/\/www.consegi.com\/home\/wp-json\/wp\/v2\/pages\/56","targetHints":{"allow":["GET"]}}],"collection":[{"href":"https:\/\/www.consegi.com\/home\/wp-json\/wp\/v2\/pages"}],"about":[{"href":"https:\/\/www.consegi.com\/home\/wp-json\/wp\/v2\/types\/page"}],"author":[{"embeddable":true,"href":"https:\/\/www.consegi.com\/home\/wp-json\/wp\/v2\/users\/1"}],"replies":[{"embeddable":true,"href":"https:\/\/www.consegi.com\/home\/wp-json\/wp\/v2\/comments?post=56"}],"version-history":[{"count":16,"href":"https:\/\/www.consegi.com\/home\/wp-json\/wp\/v2\/pages\/56\/revisions"}],"predecessor-version":[{"id":2274,"href":"https:\/\/www.consegi.com\/home\/wp-json\/wp\/v2\/pages\/56\/revisions\/2274"}],"wp:attachment":[{"href":"https:\/\/www.consegi.com\/home\/wp-json\/wp\/v2\/media?parent=56"}],"curies":[{"name":"wp","href":"https:\/\/api.w.org\/{rel}","templated":true}]}}