{"id":2275,"date":"2022-09-07T20:14:02","date_gmt":"2022-09-07T23:14:02","guid":{"rendered":"https:\/\/www.consegi.com\/home\/?page_id=2275"},"modified":"2022-09-30T10:44:14","modified_gmt":"2022-09-30T13:44:14","slug":"produtos","status":"publish","type":"page","link":"https:\/\/www.consegi.com\/home\/produtos\/","title":{"rendered":"Produtos"},"content":{"rendered":"<div class=\"bt_rc_container\"><section id=\"bt_section69dfc9abb35f7\" data-parallax=\"0.1\" data-parallax-offset=\"-50\" class=\"boldSection topExtraSpaced bottomMoreSpaced btDarkSkin gutter inherit btParallax wBackground cover\" style=\"background-image:url('https:\/\/www.consegi.com\/home\/wp-content\/uploads\/2022\/09\/banner_slider_3.jpg');\"><div class=\"port\"><div class=\"boldCell\"><div class=\"boldCellInner\"><div class=\"boldRow \" ><div class=\"rowItem col-md-12 col-ms-12  btTextLeft animate animate-fadein animate-moveleft inherit\"  ><div class=\"rowItemContent\"><header class=\"header btClear extralarge btDash bottomDash  btAccentDash btRegularTitle\" style=\"max-width: 800px;\"><p class=\"btSuperTitle\">AQUI \u00c9 O LUGAR CERTO<\/p><div class=\"dash\"><h1><span class=\"headline\">NOSSOS PRODUTOS<\/span><\/h1><\/div><p class=\"btSubTitle\">Conhe\u00e7a nossos produtos<\/p><\/header><div class=\"btClear btSeparator bottomSemiSpaced noBorder\" ><hr><\/div><\/div><\/div><\/div><\/div><\/div><\/div><\/section><section id=\"bt_section69dfc9abb39ac\"  class=\"boldSection btDivider topSpaced bottomSpaced gutter inherit\" ><div class=\"port\"><div class=\"boldCell\"><div class=\"boldCellInner\"><div class=\"boldRow \" ><div class=\"rowItem col-sm-4 col-ms-12 btTextRight animate animate-fadein animate-moveright inherit btDoublePadding\"  ><div class=\"rowItemContent\"><header class=\"header btClear medium  btAccentDash btRegularTitle\" ><p class=\"btSuperTitle\">NOSSOS PRODUTOS<\/p><div class=\"dash\"><h3><span class=\"headline\">O QUE OFERECEMOS<\/span><\/h3><\/div><\/header><div class=\"btClear btSeparator topSemiSpaced noBorder\" ><hr><\/div><div class=\"btText\"><blockquote><p>Conhe\u00e7a um pouco mais dos nossos produtos ofertados.<\/p><\/blockquote>\n<\/div><\/div><\/div><div class=\"rowItem col-md-8 col-ms-12  btTextLeft\"  ><div class=\"rowItemContent\"><div class=\"btText\"><ul>\n<li>Rancho, provis\u00f5es frescas, secas e congeladas;<\/li>\n<li>A consegi Ship Chandler Conta com um departamento especializado na comercializa\u00e7\u00e3o de alimentos para embarca\u00e7\u00f5es nacionais e estrangeiras.<\/li>\n<li>Temos infraestrutura de primeira para o armazenamento dos alimentos e frota pr\u00f3pria de caminh\u00f5es para o transporte adequado at\u00e9 o porto.<\/li>\n<li>Nossa empresa garante que o seu bom navio receber\u00e1 produtos de qualidade, com pre\u00e7o baixo e agilidade, tudo em conformidade as suas necessidades e exig\u00eancias.<\/li>\n<li>O porto de Macei\u00f3 \u00e9 tranquilo para recebimento de rancho, bem como para a realiza\u00e7\u00e3o de servi\u00e7os para os navios em geral.<\/li>\n<li>Atendemos todos os tipos de embarca\u00e7\u00f5es, Cruzeiros, Cargueiros, Militares, Pescas e Offshores;<\/li>\n<li>\u00c1gua Pot\u00e1vel por caminh\u00f5es;<\/li>\n<li>Material de cabine, papelaria, conv\u00e9s motor e gerador.<\/li>\n<li>Diesel e Lubrificantes Mar\u00edtimos;<\/li>\n<li>Gases Oxig\u00eanio, Acetileno e Freon;<\/li>\n<li>Produtos qu\u00edmicos navais;<\/li>\n<li>Cartas n\u00e1uticas;<\/li>\n<li>Bandeiras;<\/li>\n<li>Cartas n\u00e1uticas;<\/li>\n<li>Cabos de Amarra\u00e7\u00e3o;<\/li>\n<li>Tamp\u00f5es de borracha;<\/li>\n<li>Rateiras;<\/li>\n<li>Fita de veda\u00e7\u00e3o de por\u00e3o;<\/li>\n<li>Ferramentas manuais, el\u00e9tricas e pneum\u00e1ticas;<\/li>\n<li>Bombas pneum\u00e1ticas;<\/li>\n<li>Rolos de pintura, Trinchas e pinc\u00e9is;<\/li>\n<li>Cabos de A\u00e7o e acess\u00f3rios para movimenta\u00e7\u00e3o de carga;<\/li>\n<li>Ferro e a\u00e7o;<\/li>\n<li>Materiais El\u00e9tricos e Hidr\u00e1ulicos;<\/li>\n<li>Lumin\u00e1rias;<\/li>\n<\/ul>\n<\/div><\/div><\/div><\/div><div class=\"boldRow \" ><div class=\"rowItem col-md-12 col-ms-12  btTextCenter btMiddleVertical btNoPadding\"  ><div class=\"rowItemContent\"><div class=\"btText\"><p><center><a href=\"https:\/\/www.consegi.com\/home\/wp-content\/uploads\/2022\/09\/CATALOGUE-CONSEGI-2.pdf\" class=\"pdfemb-viewer\" style=\"width: 650px; \" data-width=\"650\" data-height=\"max\" data-mobile-width=\"500\"  data-scrollbar=\"both\" data-download=\"off\" data-newwindow=\"on\" data-pagetextbox=\"off\" data-scrolltotop=\"off\" data-startzoom=\"100\" data-startfpzoom=\"100\" data-toolbar=\"top\" data-toolbar-fixed=\"on\">CATALOGUE-CONSEGI-2<br \/><\/a><\/center><\/p>\n<\/div><\/div><\/div><\/div><\/div><\/div><\/div><\/section><section id=\"elements\" data-parallax=\"0\" data-parallax-offset=\"0\" class=\"boldSection topSpaced bottomSpaced btDarkSkin gutter inherit btParallax wBackground cover\" style=\"background-image:url('');\"><div class=\"port\"><div class=\"boldCell\"><div class=\"boldCellInner\"><div class=\"boldRow \" ><div class=\"rowItem col-sm-4 col-ms-12 btTextRight animate animate-fadein inherit btDoublePadding\"  ><div class=\"rowItemContent\"><header class=\"header btClear medium  btAccentDash btRegularTitle\" ><p class=\"btSuperTitle\">Somos os melhores<\/p><div class=\"dash\"><h3><span class=\"headline\">NOSSA EXPERI\u00caNCIA<\/span><\/h3><\/div><\/header><div class=\"btText\"><blockquote><p>Temos uma equipe totalmente capacitada e experiente para atender nossos clientes das melhores poss\u00edveis.<\/p><\/blockquote>\n<\/div><\/div><\/div><div class=\"rowItem col-md-8 col-ms-12  btTextLeft inherit\"  ><div class=\"rowItemContent\"><div class=\"slided autoSliderHeight btSliderHideArrows\"  data-slick='{\"autoplay\":true,\"autoplaySpeed\":2000,\"pauseOnHover\":false,\"pauseOnDotsHover\":true}'><div class=\"slidedItem firstItem\"  data-thumb=\"https:\/\/www.consegi.com\/home\/wp-content\/uploads\/2022\/09\/89806228_212212423469861_6052918623050257140_n-320x320.jpg\"><div class=\"btSliderPort wBackground cover\" style=\"background-image: url('https:\/\/www.consegi.com\/home\/wp-content\/uploads\/2022\/09\/89806228_212212423469861_6052918623050257140_n.jpg')\"><div class=\"btSliderCell\" data-slick=\"yes\"><div class=\"btSlideGutter\"><div class=\"btSlidePane\"><div class=\"btClear btSeparator topExtraSpaced noBorder\" ><hr><\/div><\/div><\/div><\/div><\/div><\/div><div class=\"slidedItem firstItem\"  data-thumb=\"https:\/\/www.consegi.com\/home\/wp-content\/uploads\/2022\/09\/197471021_390743102248633_2164880702117306890_n-320x320.jpg\"><div class=\"btSliderPort wBackground cover\" style=\"background-image: url('https:\/\/www.consegi.com\/home\/wp-content\/uploads\/2022\/09\/197471021_390743102248633_2164880702117306890_n.jpg')\"><div class=\"btSliderCell\" data-slick=\"yes\"><div class=\"btSlideGutter\"><div class=\"btSlidePane\"><div class=\"btClear btSeparator topExtraSpaced noBorder\" ><hr><\/div><\/div><\/div><\/div><\/div><\/div><div class=\"slidedItem firstItem\"  data-thumb=\"https:\/\/www.consegi.com\/home\/wp-content\/uploads\/2022\/09\/302713036_577427034126997_6829584090042765640_n-320x320.jpg\"><div class=\"btSliderPort wBackground cover\" style=\"background-image: url('https:\/\/www.consegi.com\/home\/wp-content\/uploads\/2022\/09\/302713036_577427034126997_6829584090042765640_n.jpg')\"><div class=\"btSliderCell\" data-slick=\"yes\"><div class=\"btSlideGutter\"><div class=\"btSlidePane\"><div class=\"btClear btSeparator topExtraSpaced noBorder\" ><hr><\/div><\/div><\/div><\/div><\/div><\/div><\/div><\/div><\/div><\/div><\/div><\/div><\/div><\/section><\/div>","protected":false},"excerpt":{"rendered":"","protected":false},"author":1,"featured_media":0,"parent":0,"menu_order":0,"comment_status":"closed","ping_status":"closed","template":"","meta":{"footnotes":""},"class_list":["post-2275","page","type-page","status-publish","hentry"],"_links":{"self":[{"href":"https:\/\/www.consegi.com\/home\/wp-json\/wp\/v2\/pages\/2275","targetHints":{"allow":["GET"]}}],"collection":[{"href":"https:\/\/www.consegi.com\/home\/wp-json\/wp\/v2\/pages"}],"about":[{"href":"https:\/\/www.consegi.com\/home\/wp-json\/wp\/v2\/types\/page"}],"author":[{"embeddable":true,"href":"https:\/\/www.consegi.com\/home\/wp-json\/wp\/v2\/users\/1"}],"replies":[{"embeddable":true,"href":"https:\/\/www.consegi.com\/home\/wp-json\/wp\/v2\/comments?post=2275"}],"version-history":[{"count":11,"href":"https:\/\/www.consegi.com\/home\/wp-json\/wp\/v2\/pages\/2275\/revisions"}],"predecessor-version":[{"id":2418,"href":"https:\/\/www.consegi.com\/home\/wp-json\/wp\/v2\/pages\/2275\/revisions\/2418"}],"wp:attachment":[{"href":"https:\/\/www.consegi.com\/home\/wp-json\/wp\/v2\/media?parent=2275"}],"curies":[{"name":"wp","href":"https:\/\/api.w.org\/{rel}","templated":true}]}}